{"id":117,"date":"2018-01-01T09:07:47","date_gmt":"2018-01-01T09:07:47","guid":{"rendered":"http:\/\/gecko-music.com\/?page_id=117"},"modified":"2022-10-02T07:23:35","modified_gmt":"2022-10-02T07:23:35","slug":"impressum","status":"publish","type":"page","link":"http:\/\/gecko-music.com\/?page_id=117","title":{"rendered":"Impressum &#038; Datenschutz"},"content":{"rendered":"<h3>Angaben gem\u00e4\u00df \u00a7 5 TMG und \u00a7 55 Abs. 2 RStV<\/h3>\n<p>Bertram Geck<br \/>\nKasperackerweg 15<br \/>\n90482 N\u00fcrnberg<br \/>\nTel.: +49 (176) 62650675<br \/>\nE-Mail: info(at)gecko-music(dot)com<\/p>\n<p>Inhaltlich verantwortlich gem\u00e4\u00df \u00a7 10 Abs. 3 MDStV<br \/>\nBertram Geck<br \/>\nKasperackerweg 15<br \/>\n90482 N\u00fcrnberg<\/p>\n<div>\n<h3>Allgemeine Gesch\u00e4ftsbedingungen<\/h3>\n<p>Unsere allgemeinen Gesch\u00e4ftsbedingungen (AGB) k\u00f6nnen Sie per E-Mail unter info(at)gecko-music(dot)com anfragen.<\/p>\n<h3>Haftungsausschluss<\/h3>\n<p>Die Inhalte unserer Seiten wurden mit gr\u00f6\u00dfter Sorgfalt erstellt. F\u00fcr die Richtigkeit, Vollst\u00e4ndigkeit und Aktualit\u00e4t der Inhalte k\u00f6nnen wir jedoch keine Gew\u00e4hr \u00fcbernehmen. Auch wird eine Haftung f\u00fcr Sach- und Rechtsm\u00e4ngel der Informationen auf der Website \u2013 insbesondere f\u00fcr deren Richtigkeit, Fehlerfreiheit und Richtigkeit von Schutz- und Urheberrechten Dritter \u2013 ausgeschlossen. Erhalten wir Kenntnis von entsprechenden Rechtsverletzungen werden wir diese Inhalte umgehend entfernen. Trotz hoher Sicherheitsma\u00dfnahmen k\u00f6nnen wir keine Virenfreiheit unserer Website garantieren. Bei der Nutzung sollte der Anwender zum eigenen Schutz f\u00fcr entsprechende Sicherheitsvorkehrungen sorgen.<\/p>\n<div>\n<h3>Links zu anderen Anbietern<\/h3>\n<p>Unsere Website enth\u00e4lt Links zu externen Webseiten Dritter, auf deren Inhalte wir keinen Einfluss haben. Deshalb k\u00f6nnen wir f\u00fcr diese fremden Inhalte auch keine Gew\u00e4hr \u00fcbernehmen. F\u00fcr die Inhalte der verlinkten Seiten sind die jeweiligen Anbieter oder Betreiber verantwortlich. Zum Zeitpunkt der Verlinkung mit diesen externen Websites waren keine rechtswidrigen Inhalte erkennbar. Erhalten wir Kenntnis von Rechtsverletzungen werden wir diese Links umgehend entfernen.<\/p>\n<div>\n<h3>Urheberrecht<\/h3>\n<p>Die auf dieser Website zur Verf\u00fcgung gestellten Inhalte\/Informationen unterliegen dem Urheberrecht. Die Vervielf\u00e4ltigung, Bearbeitung, Verbreitung und jede Art der Verwertung bed\u00fcrfen der schriftlichen Zustimmung des Urhebers.<\/p>\n<\/div>\n<\/div>\n<\/div>\n<h3>Datenschutzerkl\u00e4rung<\/h3>\n<p><strong>Allgemeine Datenschutzerkl\u00e4rung<\/strong><\/p>\n<p>Durch die Nutzung unserer Website erkl\u00e4ren Sie sich mit der Erhebung, Verarbeitung und Nutzung von Daten gem\u00e4\u00df der nachfolgenden Beschreibung einverstanden. Unsere Website kann grunds\u00e4tzlich ohne Registrierung besucht werden. Dabei werden Daten wie beispielsweise aufgerufene Seiten bzw. Namen der abgerufenen Datei, Datum und Uhrzeit zu statistischen Zwecken auf dem Server gespeichert, ohne dass diese Daten unmittelbar auf Ihre Person bezogen werden. Personenbezogene Daten, insbesondere Name, Adresse oder E-Mail-Adresse werden soweit m\u00f6glich auf freiwilliger Basis erhoben. Ohne Ihre Einwilligung erfolgt keine Weitergabe der Daten an Dritte.<\/p>\n<p><strong>Datenschutzerkl\u00e4rung f\u00fcr Cookies<\/strong><\/p>\n<p>Unsere Website verwendet Cookies. Das sind kleine Textdateien, die es m\u00f6glich machen, auf dem Endger\u00e4t des Nutzers spezifische, auf den Nutzer bezogene Informationen zu speichern, w\u00e4hrend er die Website nutzt. Cookies erm\u00f6glichen es, insbesondere Nutzungsh\u00e4ufigkeit und Nutzeranzahl der Seiten zu ermitteln, Verhaltensweisen der Seitennutzung zu analysieren, aber auch unser Angebot kundenfreundlicher zu gestalten. Cookies bleiben \u00fcber das Ende einer Browser-Sitzung gespeichert und k\u00f6nnen bei einem erneuten Seitenbesuch wieder aufgerufen werden. Wenn Sie das nicht w\u00fcnschen, sollten Sie Ihren Internetbrowser so einstellen, dass er die Annahme von Cookies verweigert.<\/p>\n<p><strong>Datenschutzerkl\u00e4rung f\u00fcr Google Analytics<\/strong><\/p>\n<p>Unsere Website verwendet Google Analytics, einen Webanalysedienst von Google Inc., 1600 Amphitheatre Parkway, Mountain View, CA 94043, USA. Zur Deaktivierung von Google Analytiscs stellt Google unter http:\/\/tools.google.com\/dlpage\/gaoptout?hl=de ein Browser-Plug-In zur Verf\u00fcgung. Google Analytics verwendet Cookies. Das sind kleine Textdateien, die es m\u00f6glich machen, auf dem Endger\u00e4t des Nutzers spezifische, auf den Nutzer bezogene Informationen zu speichern. Diese erm\u00f6glichen eine Analyse der Nutzung unseres Websiteangebotes durch Google. Die durch den Cookie erfassten Informationen \u00fcber die Nutzung unserer Seiten (einschlie\u00dflich Ihrer IP-Adresse) werden in der Regel an einen Server von Google in den USA \u00fcbertragen und dort gespeichert. Wir weisen darauf hin, dass auf dieser Website Google Analytics um den Code \u201egat._anonymizeIp();\u201c erweitert wurde, um eine anonymisierte Erfassung von IP-Adressen (sog. IP-Masking) zu gew\u00e4hrleisten. Ist die Anonymisierung aktiv, k\u00fcrzt Google IP-Adressen innerhalb von Mitgliedstaaten der Europ\u00e4ischen Union oder in anderen Vertragsstaaten des Abkommens \u00fcber den Europ\u00e4ischen Wirtschaftsraum, weswegen keine R\u00fcckschl\u00fcsse auf Ihre Identit\u00e4t m\u00f6glich sind. Nur in Ausnahmef\u00e4llen wird die volle IP-Adresse an einen Server von Google in den USA \u00fcbertragen und dort gek\u00fcrzt. Google beachtet die Datenschutzbestimmungen des \u201ePrivacy Shield\u201c-Abkommens und ist beim \u201ePrivacy Shield\u201c-Programm des US-Handelsministeriums registriert und nutzt die gesammelten Informationen, um die Nutzung unserer Websites auszuwerten, Berichte f\u00fcr uns diesbez\u00fcglich zu verfassen und andere diesbez\u00fcgliche Dienstleistungen an uns zu erbringen. Mehr erfahren Sie unter<a href=\"http:\/\/www.google.com\/intl\/de\/analytics\/privacyoverview.html\"> http:\/\/www.google.com\/intl\/de\/analytics\/privacyoverview.html<\/a>.<\/p>\n<p><strong>Datenschutzerkl\u00e4rung f\u00fcr Google +1<\/strong><\/p>\n<p>Unsere Website verwendet Social-Media-Funktionen von Google Inc., 1600 Amphitheatre Parkway, Mountain View, CA 94043, USA. Bei Aufruf unserer Seiten mit Google-Plug-Ins wird eine Verbindung zwischen Ihrem Browser und den Servern von Google aufgebaut. Dabei werden bereits Daten an Google \u00fcbertragen. Besitzen Sie einen Google-Account, k\u00f6nnen diese Daten damit verkn\u00fcpft werden. Wenn Sie keine Zuordnung dieser Daten zu Ihrem Google-Account w\u00fcnschen, loggen Sie sich bitte vor dem Besuch unserer Seite bei Google aus. Interaktionen, insbesondere das Nutzen einer Kommentarfunktion oder das Anklicken eines \u201e+1\u201c- oder \u201eTeilen\u201c-Buttons werden ebenfalls an Google weitergegeben. Mehr erfahren Sie unter <a href=\"http:\/\/www.google.de\/intl\/de\/policies\/privacy\">http:\/\/www.google.de\/intl\/de\/policies\/privacy<\/a>.<\/p>\n<p><strong>Datenschutzerkl\u00e4rung f\u00fcr Facebook<\/strong><\/p>\n<p>Unsere Website verwendet Funktionen von Facebook Inc., 1601 S. California Ave, Palo Alto, CA 94304, USA . Bei Aufruf unserer Seiten mit Facebook-Plug-Ins wird eine Verbindung zwischen Ihrem Browser und den Servern von Facebook aufgebaut. Dabei werden bereits Daten an Facebook \u00fcbertragen. Besitzen Sie einen Facebook-Account, k\u00f6nnen diese Daten damit verkn\u00fcpft werden. Wenn Sie keine Zuordnung dieser Daten zu Ihrem Facebook-Account w\u00fcnschen, loggen Sie sich bitte vor dem Besuch unserer Seite bei Facebook aus. Interaktionen, insbesondere das Nutzen einer Kommentarfunktion oder das Anklicken eines \u201eLike\u201c- oder \u201eTeilen\u201c-Buttons werden ebenfalls an Facebook weitergegeben. Mehr erfahren Sie unter <a href=\"https:\/\/de-de.facebook.com\/about\/privacy\">https:\/\/de-de.facebook.com\/about\/privacy<\/a>.<\/p>\n<p><strong>Datenschutzerkl\u00e4rung f\u00fcr Twitter<\/strong><\/p>\n<p>Unsere Website verwendet Funktionen von Twitter, Inc., 1355 Market St, Suite 900, San Francisco, CA 94103, USA. Bei Aufruf unserer Seiten mit Twitter-Plug-Ins wird eine Verbindung zwischen Ihrem Browser und den Servern von Twitter aufgebaut. Dabei werden bereits Daten an Twitter \u00fcbertragen. Besitzen Sie einen Twitter-Account, k\u00f6nnen diese Daten damit verkn\u00fcpft werden. Wenn Sie keine Zuordnung dieser Daten zu Ihrem Twitter-Account w\u00fcnschen, loggen Sie sich bitte vor dem Besuch unserer Seite bei Twitter aus. Interaktionen, insbesondere das Anklicken eines \u201eRe-Tweet\u201c-Buttons werden ebenfalls an Twitter weitergegeben. Mehr erfahren Sie unter <a href=\"https:\/\/twitter.com\/privacy\">https:\/\/twitter.com\/privacy<\/a>.<\/p>\n<p>Quelle: <a href=\"https:\/\/www.anwalt.de\/vorlage\/muster-datenschutzerklaerung.php\">Muster-Datenschutzerkl\u00e4rung von anwalt.de<\/a><\/p>\n","protected":false},"excerpt":{"rendered":"<p>Angaben gem\u00e4\u00df \u00a7 5 TMG und \u00a7 55 Abs. 2 RStV Bertram Geck Kasperackerweg 15 90482 N\u00fcrnberg Tel.: +49 (176) 62650675 E-Mail: info(at)gecko-music(dot)com Inhaltlich verantwortlich gem\u00e4\u00df \u00a7 10 Abs. 3 MDStV Bertram Geck Kasperackerweg 15 90482 N\u00fcrnberg Allgemeine Gesch\u00e4ftsbedingungen Unsere allgemeinen Gesch\u00e4ftsbedingungen (AGB) k\u00f6nnen Sie per E-Mail unter info(at)gecko-music(dot)com anfragen. Haftungsausschluss Die Inhalte unserer Seiten&hellip; <br \/> <a class=\"read-more\" href=\"http:\/\/gecko-music.com\/?page_id=117\">Read more<\/a><\/p>\n","protected":false},"author":1,"featured_media":0,"parent":0,"menu_order":0,"comment_status":"closed","ping_status":"closed","template":"","meta":{"footnotes":""},"class_list":["post-117","page","type-page","status-publish","hentry"],"_links":{"self":[{"href":"http:\/\/gecko-music.com\/index.php?rest_route=\/wp\/v2\/pages\/117","targetHints":{"allow":["GET"]}}],"collection":[{"href":"http:\/\/gecko-music.com\/index.php?rest_route=\/wp\/v2\/pages"}],"about":[{"href":"http:\/\/gecko-music.com\/index.php?rest_route=\/wp\/v2\/types\/page"}],"author":[{"embeddable":true,"href":"http:\/\/gecko-music.com\/index.php?rest_route=\/wp\/v2\/users\/1"}],"replies":[{"embeddable":true,"href":"http:\/\/gecko-music.com\/index.php?rest_route=%2Fwp%2Fv2%2Fcomments&post=117"}],"version-history":[{"count":7,"href":"http:\/\/gecko-music.com\/index.php?rest_route=\/wp\/v2\/pages\/117\/revisions"}],"predecessor-version":[{"id":351,"href":"http:\/\/gecko-music.com\/index.php?rest_route=\/wp\/v2\/pages\/117\/revisions\/351"}],"wp:attachment":[{"href":"http:\/\/gecko-music.com\/index.php?rest_route=%2Fwp%2Fv2%2Fmedia&parent=117"}],"curies":[{"name":"wp","href":"https:\/\/api.w.org\/{rel}","templated":true}]}}